{"id":313,"date":"2022-06-16T13:59:09","date_gmt":"2022-06-16T11:59:09","guid":{"rendered":"https:\/\/telefonseelsorgedd.ovh\/?page_id=313"},"modified":"2026-02-18T09:34:13","modified_gmt":"2026-02-18T08:34:13","slug":"datenschutzerklaerung-2","status":"publish","type":"page","link":"https:\/\/www.telefonseelsorge-dresden.de\/foerderverein\/datenschutzerklaerung-2\/","title":{"rendered":"Datenschutzerkl\u00e4rung"},"content":{"rendered":"\t\t<div data-elementor-type=\"wp-page\" data-elementor-id=\"313\" class=\"elementor elementor-313\">\n\t\t\t\t\t\t<section class=\"elementor-section elementor-top-section elementor-element elementor-element-65860dde elementor-section-boxed elementor-section-height-default elementor-section-height-default\" data-id=\"65860dde\" data-element_type=\"section\">\n\t\t\t\t\t\t<div class=\"elementor-container elementor-column-gap-default\">\n\t\t\t\t\t<div class=\"elementor-column elementor-col-100 elementor-top-column elementor-element elementor-element-30861371\" data-id=\"30861371\" data-element_type=\"column\">\n\t\t\t<div class=\"elementor-widget-wrap elementor-element-populated\">\n\t\t\t\t\t\t<div class=\"elementor-element elementor-element-309f45d elementor-widget elementor-widget-text-editor\" data-id=\"309f45d\" data-element_type=\"widget\" data-widget_type=\"text-editor.default\">\n\t\t\t\t<div class=\"elementor-widget-container\">\n\t\t\t\t\t\t\t<!-- wp:paragraph -->\n<p><strong><u>Datenschutzerkl\u00e4rung<\/u><\/strong><\/p>\n<!-- \/wp:paragraph --><!-- wp:paragraph -->\n<p>Unser Verein nimmt\u00a0den Schutz personenbezogener Daten sehr ernst. Wir m\u00f6chten, dass Sie wissen, wann wir welche Daten speichern und wie wir sie verwenden.<\/p>\n<!-- \/wp:paragraph --><!-- wp:paragraph -->\n<p><strong>Nutzungsdaten<\/strong><br \/>F\u00fcr die Nutzung unserer Internetseite ist eine Preisgabe personenbezogener Daten grunds\u00e4tzlich nicht erforderlich. Bei jedem Zugriff auf eine unserer Seiten werden Daten \u00fcber Ihren Besuch auf der Internetseite in einer Protokolldatei gespeichert. Durch unseren Webhoster werden uns diese Protokolldateien und aufbereitete Nutzungsstatistiken zur Verf\u00fcgung gestellt. Diese Daten sind\u00a0<strong>nicht personenbezogen<\/strong>, wir k\u00f6nnen also nicht nachvollziehen, welcher Nutzer welche Daten abgerufen hat. Eine Weitergabe an Dritte findet nicht statt.\u00a0Wir weisen darauf hin, dass die Daten\u00fcbertragung im Internet (z.B. bei der Kommunikation per E-Mail) Sicherheitsl\u00fccken aufweisen kann. Ein l\u00fcckenloser Schutz der Daten vor dem Zugriff durch Dritte ist nicht m\u00f6glich.<\/p>\n<!-- \/wp:paragraph --><!-- wp:paragraph -->\n<p><strong>Kontaktdaten<\/strong><br \/>F\u00fcr bestimmte Angebote und Dienstleistungen ben\u00f6tigen wir im Einzelfall personenbezogene Daten. Die in diesem Fall von Ihnen freiwillig, beispielsweise per Email, angegebenen Daten werden von uns nur zu dem von Ihnen gew\u00fcnschten Zweck verwendet (z.B. zur Kontaktaufnahme). Eine Weitergabe an Dritte findet nicht statt.<\/p>\n<!-- \/wp:paragraph --><!-- wp:paragraph -->\n<p>Besondere Hinweise f\u00fcr unsere Vereinsmitglieder und F\u00f6rdermitglieder:<\/p>\n<!-- \/wp:paragraph --><!-- wp:paragraph -->\n<p>Ihre personenbezogenen Daten verarbeiten wir entsprechend der EU-DSGVO zweckgebunden und auf das notwendige Ma\u00df beschr\u00e4nkt. Die Verarbeitungszwecke im Rahmen Ihrer Mitgliedschaft\/F\u00f6rdermitglied sind: Stammdatenpflege, Zahlungsverkehr (Mitgliedsbeitrag und Spenden), Versand des Jahresberichts sowie Informationen zum Verein und zu Spendenprojekten. M\u00f6gliche Datenkategorien sind Ihr Name und Ihre Kontaktdaten, das Jahr Ihres Vereinsbeitritts sowie Ihre Bankdaten, wenn Sie mit uns die Zahlung Ihres Mitgliedsbeitrags per Lastschrift vereinbart haben.<br \/>Sie haben das Recht auf Auskunft, Berichtigung, L\u00f6schung, Einschr\u00e4nkung und Widerspruch bzgl. der Verarbeitung Ihrer Daten. Sie k\u00f6nnen au\u00dferdem die Einwilligung zur Be- und Verarbeitung Ihrer personenbezogenen Daten widerrufen. Ein Widerruf hat zur Folge, dass Sie nicht weiter als Mitglied\/F\u00f6rdermitglied bei uns gef\u00fchrt werden k\u00f6nnen, da Ihre Daten f\u00fcr verschiedene Zwecke (Einladung zur Mitgliederversammlung, Abrechnung Mitgliedsbeitrag etc.) notwendig sind. Ein Widerruf hat schriftlich zu erfolgen. Kontaktieren Sie uns dazu bitte per\u00a0E-Mail:\u00a0<a>foederverein@telefonseelsorge-dresden.de<\/a> oder postalisch an:<\/p>\n<p>F\u00f6rderverein TelefonSeelsorge Dresden e.V.<br \/>c\/o Diakonisches Werk Stadtmission Dresden<br \/>Glacisstrasse 44, 01099 Dresden<\/p>\n<!-- \/wp:paragraph --><!-- wp:paragraph -->\n<p><strong>Die Rechte Betroffener auf Auskunft, Berichtigung und L\u00f6schung sowie Einschr\u00e4nkung und Widerspruch der Verarbeitung<\/strong><\/p>\n<!-- \/wp:paragraph --><!-- wp:paragraph -->\n<p>Im Rahmen der Rechtsnormen der europ\u00e4ischen Datenschutz-Grundverordnung (DSGVO), und des neuen Bundesdatenschutzgesetzes (BDSG-neu) haben Sie das Recht auf Auskunft,\u00a0Berichtigung und L\u00f6schung sowie Einschr\u00e4nkung der Verarbeitung und Widerspruch gegen die Verarbeitung Ihrer Daten gem. Artikel 21 DSGVO.\u00a0Ihre Daten werden gel\u00f6scht, wenn der Zweck f\u00fcr ihre Speicherung entf\u00e4llt (z.B.\u00a0Beendigung\/K\u00fcndigung der Mitgliedschaft)\u00a0und keine Rechtsnorm (Aufbewahrungsfrist) die Beibehaltung der Daten vorsieht. Es gelten die Vorgaben des Artikel 17 DSGVO sowie \u00a7 35 BDSG-neu.<\/p>\n<!-- \/wp:paragraph --><!-- wp:paragraph -->\n<p><br \/><strong>Verarbeitende Stelle bzw. Verantwortlicher<\/strong><br \/>Verarbeitende Stelle bzw. Verantwortlicher im Sinne der Datenschutzgrundverordnung und des Bundesdatenschutzgesetzes ist der F\u00f6rderverein TelefonSeelsorge Dresden e. V., vertreten durch den Vorstand.\u00a0Kontaktieren Sie uns dazu bitte per E-Mail unter\u00a0<a>foerderverein@telefonseelsorge-dresden.de<\/a>.<\/p>\n<!-- \/wp:paragraph -->\t\t\t\t\t\t<\/div>\n\t\t\t\t<\/div>\n\t\t\t\t\t<\/div>\n\t\t<\/div>\n\t\t\t\t\t<\/div>\n\t\t<\/section>\n\t\t\t\t<\/div>\n\t\t","protected":false},"excerpt":{"rendered":"<p>Datenschutzerkl\u00e4rung Unser Verein nimmt\u00a0den Schutz personenbezogener Daten sehr ernst. Wir m\u00f6chten, dass Sie wissen, wann wir welche Daten speichern und wie wir sie verwenden. NutzungsdatenF\u00fcr die Nutzung unserer Internetseite ist eine Preisgabe personenbezogener Daten grunds\u00e4tzlich nicht erforderlich. Bei jedem Zugriff auf eine unserer Seiten werden Daten \u00fcber Ihren Besuch auf der Internetseite in einer Protokolldatei [&hellip;]<\/p>\n","protected":false},"author":1,"featured_media":0,"parent":0,"menu_order":0,"comment_status":"closed","ping_status":"closed","template":"","meta":{"footnotes":""},"class_list":["post-313","page","type-page","status-publish","hentry"],"aioseo_notices":[],"_links":{"self":[{"href":"https:\/\/www.telefonseelsorge-dresden.de\/foerderverein\/wp-json\/wp\/v2\/pages\/313","targetHints":{"allow":["GET"]}}],"collection":[{"href":"https:\/\/www.telefonseelsorge-dresden.de\/foerderverein\/wp-json\/wp\/v2\/pages"}],"about":[{"href":"https:\/\/www.telefonseelsorge-dresden.de\/foerderverein\/wp-json\/wp\/v2\/types\/page"}],"author":[{"embeddable":true,"href":"https:\/\/www.telefonseelsorge-dresden.de\/foerderverein\/wp-json\/wp\/v2\/users\/1"}],"replies":[{"embeddable":true,"href":"https:\/\/www.telefonseelsorge-dresden.de\/foerderverein\/wp-json\/wp\/v2\/comments?post=313"}],"version-history":[{"count":4,"href":"https:\/\/www.telefonseelsorge-dresden.de\/foerderverein\/wp-json\/wp\/v2\/pages\/313\/revisions"}],"predecessor-version":[{"id":927,"href":"https:\/\/www.telefonseelsorge-dresden.de\/foerderverein\/wp-json\/wp\/v2\/pages\/313\/revisions\/927"}],"wp:attachment":[{"href":"https:\/\/www.telefonseelsorge-dresden.de\/foerderverein\/wp-json\/wp\/v2\/media?parent=313"}],"curies":[{"name":"wp","href":"https:\/\/api.w.org\/{rel}","templated":true}]}}